{"id":11719,"date":"2022-07-18T12:43:59","date_gmt":"2022-07-18T12:43:59","guid":{"rendered":"https:\/\/neu.schwarz.it\/impressum\/"},"modified":"2022-12-01T15:29:09","modified_gmt":"2022-12-01T15:29:09","slug":"colophon","status":"publish","type":"page","link":"https:\/\/www.schwarz.it\/it\/colophon\/","title":{"rendered":"Colophon"},"content":{"rendered":"\t\t<div data-elementor-type=\"wp-page\" data-elementor-id=\"11719\" class=\"elementor elementor-11719 elementor-8894\">\n\t\t\t\t\t\t<div class=\"elementor-inner\">\n\t\t\t\t<div class=\"elementor-section-wrap\">\n\t\t\t\t\t\t\t\t\t<section class=\"ob-is-breaking-bad elementor-section elementor-top-section elementor-element elementor-element-5b2e3152 rechtliches elementor-section-boxed elementor-section-height-default elementor-section-height-default\" data-id=\"5b2e3152\" data-element_type=\"section\" data-settings=\"{&quot;background_background&quot;:&quot;classic&quot;,&quot;_ob_bbad_use_it&quot;:&quot;yes&quot;,&quot;_ob_bbad_sssic_use&quot;:&quot;no&quot;,&quot;_ob_glider_is_slider&quot;:&quot;no&quot;}\">\n\t\t\t\t\t\t<div class=\"elementor-container elementor-column-gap-default\">\n\t\t\t\t\t\t\t<div class=\"elementor-row\">\n\t\t\t\t\t<div class=\"elementor-column elementor-col-100 elementor-top-column elementor-element elementor-element-1298d061\" data-id=\"1298d061\" data-element_type=\"column\" data-settings=\"{&quot;_ob_bbad_is_stalker&quot;:&quot;no&quot;,&quot;_ob_teleporter_use&quot;:false,&quot;_ob_column_hoveranimator&quot;:&quot;no&quot;,&quot;_ob_column_has_pseudo&quot;:&quot;no&quot;}\">\n\t\t\t<div class=\"elementor-column-wrap elementor-element-populated\">\n\t\t\t\t\t\t\t<div class=\"elementor-widget-wrap\">\n\t\t\t\t\t\t<div class=\"elementor-element elementor-element-4b1b59da ob-harakiri-inherit ob-has-background-overlay elementor-widget elementor-widget-heading\" data-id=\"4b1b59da\" data-element_type=\"widget\" data-settings=\"{&quot;_ob_use_harakiri&quot;:&quot;yes&quot;,&quot;_ob_harakiri_writing_mode&quot;:&quot;inherit&quot;,&quot;_ob_harakiri_text_clip&quot;:&quot;none&quot;,&quot;_ob_perspektive_use&quot;:&quot;no&quot;,&quot;_ob_poopart_use&quot;:&quot;yes&quot;,&quot;_ob_shadough_use&quot;:&quot;no&quot;,&quot;_ob_allow_hoveranimator&quot;:&quot;no&quot;,&quot;_ob_widget_stalker_use&quot;:&quot;no&quot;}\" data-widget_type=\"heading.default\">\n\t\t\t\t<div class=\"elementor-widget-container\">\n\t\t\t<h1 class=\"elementor-heading-title elementor-size-default\">Impressum<\/h1>\t\t<\/div>\n\t\t\t\t<\/div>\n\t\t\t\t<div class=\"elementor-element elementor-element-181b3448 ob-harakiri-inherit ob-has-background-overlay elementor-widget elementor-widget-text-editor\" data-id=\"181b3448\" data-element_type=\"widget\" data-settings=\"{&quot;_ob_use_harakiri&quot;:&quot;yes&quot;,&quot;_ob_harakiri_writing_mode&quot;:&quot;inherit&quot;,&quot;_ob_postman_use&quot;:&quot;no&quot;,&quot;_ob_perspektive_use&quot;:&quot;no&quot;,&quot;_ob_poopart_use&quot;:&quot;yes&quot;,&quot;_ob_shadough_use&quot;:&quot;no&quot;,&quot;_ob_allow_hoveranimator&quot;:&quot;no&quot;,&quot;_ob_widget_stalker_use&quot;:&quot;no&quot;}\" data-widget_type=\"text-editor.default\">\n\t\t\t\t<div class=\"elementor-widget-container\">\n\t\t\t\t\t\t\t\t<div class=\"elementor-text-editor elementor-clearfix\">\n\t\t\t\t<h5 style=\"text-align: left;\"><strong>Schwarz Srl<\/strong><\/h5>\n<p style=\"text-align: left;\">Andreas Schwarz<br>Via Bolzano 51<br>39057 Frangarto (BZ)<br>Alto Adige<\/p>\n<p style=\"text-align: left;\">Tel. +39 0471 633133<br><a href=\"mailto:info@schwarz.it\">info@schwarz.it<\/a><br>PEC Mail <a href=\"mailto:info@pec.schwarz.it\">info@pec.schwarz.it<\/a><br>www.schwarz.it<br>P.IVA IT02299140216<br>Cod.fisc.&nbsp;<span style=\"background-color: var( --e-global-color-4105bcb ); color: var( --e-global-color-text ); font-family: var( --e-global-typography-text-font-family ), Sans-serif; font-size: var( --e-global-typography-text-font-size ); font-weight: var( --e-global-typography-text-font-weight );\">02299140216<\/span><\/p>\n<p style=\"text-align: left;\">Camera di commercio di Bolzano<br>Numero iscrizione camera di commercio: 02299140216<br>Numero REA:&nbsp;<br>Legale rappresentante: Andreas Schwarz<br>Capitale sociale:&nbsp; 20.000\u20ac<\/p>\n<p style=\"text-align: left;\">\n<\/p><h5 style=\"text-align: left;\">Copyright per le immagine e grafiche utilizzate<\/h5>\n<p style=\"text-align: left;\">&nbsp;\u00a9 Schwarz GmbH<\/p>\n<p style=\"text-align: left;\"><strong>Risoluzione delle controversie<\/strong><\/p>\n<p style=\"text-align: left;\">Informazioni obbligatorie ai sensi del Regolamento UE n. 524\/2013 del Parlamento e Consiglio europeo. Piattaforma per la risoluzione online delle controversie (ODR) della Commissione europea: <a href=\"https:\/\/ec.europa.eu\/consumers\/odr\/main\/?event=main.trader.register\">https:\/\/ec.europa.eu\/consumers\/odr\/main\/?event=main.trader.register<\/a><\/p>\n<h5 style=\"text-align: left;\">Concetto e realizzazione<\/h5>\n<p style=\"text-align: left;\">MUWit do Sandra Stablum<br>Citt\u00e0 alta 60<br>39043 Chiusa (BZ)<\/p>\n<p style=\"text-align: left;\">T +39 347 1330206<\/p>\n<p style=\"text-align: left;\">P.IVA 02730810211<br>Cod.fisc. STB SDR 88 A44 B160 S<\/p>\n<p style=\"text-align: left;\"><a href=\"mailto:info@muwit.it\">info@muwit.it<\/a><br><a href=\"https:\/\/www.muwit.it\">www.muwit.it<\/a><\/p>\n<h5 style=\"text-align: left;\">Responsabile per il contenuto<\/h5>\n<p style=\"text-align: left;\">Andreas Schwarz<\/p>\n<h5 style=\"text-align: left;\"><strong>Dichiarazione liberatoria:<\/strong><\/h5>\n<p style=\"text-align: left;\"><strong>Responsabilit\u00e0 per i contenuti<\/strong><\/p>\n<p style=\"text-align: left;\">\n<\/p><p style=\"text-align: left;\">I contenuti delle nostre pagine sono stati redatti, elaborati e controllati scrupolosamente. Tuttavia, non ci assumiamo nessuna responsabilit\u00e0 per la correttezza, qualit\u00e0, completezza e attualit\u00e0 dei contenuti, poich\u00e9 non \u00e8 da escludere che siano cambiati nel tempo. Come prestatori di servizi siamo responsabili per i contenuti di queste pagine in base alla normativa vigente. Nella nostra qualit\u00e0 di prestatori di servizi non siamo per\u00f2 obbligati a controllare l\u2019esattezza di informazioni ricevute o salvate da terzi, o a controllare se sussistano irregolarit\u00e0 che indichino un\u2019attivit\u00e0 illegale. L\u2019obbligo di rimuovere o bloccare l\u2019utilizzo di informazioni secondo la normativa vigente rimane valido. L\u2019assunzione di tale responsabilit\u00e0 \u00e8 tuttavia possibile solamente dopo il momento dell\u2019effettivo riconoscimento da parte nostra di una concreta violazione di diritto. Alla presa d\u2019atto di tali violazioni di legge provvederemo immediatamente alla rimozione dei contenuti in questione.<\/p>\n<p style=\"text-align: left;\">Si escludono di principio le rivendicazioni di responsabilit\u00e0 di qualsiasi tipo causate dall\u2019utilizzo di informazioni messe a disposizione, oppure da informazioni errate e\/o incomplete.<\/p>\n<p style=\"text-align: left;\">\n<\/p><p style=\"text-align: left;\"><strong>Responsabilit\u00e0 per i link<\/strong><\/p>\n<p style=\"text-align: left;\">\n<\/p><p style=\"text-align: left;\">La nostra offerta contiene dei collegamenti ipertestuali con siti web esterni di terzi, sui cui contenuti non possiamo influire. Per questo motivo non forniamo nessuna garanzia sui contenuti dei siti web linkati, indipendentemente dal tipo e dalla natura. Ne \u00e8 responsabile solamente il relativo proprietario o gestore del sito. Un controllo permanente dei contenuti dei siti linkati al presente non \u00e8 fattibile senza concreti punti di riferimento. All\u2019avvenuta conoscenza d\u2019infrazioni contro la legge causate dai siti web linkati, i link in questione saranno subito rimossi.<\/p>\n<p style=\"text-align: left;\">\n<\/p><p style=\"text-align: left;\"><strong>Copyright<\/strong><\/p>\n<p style=\"text-align: left;\">\n<\/p><p style=\"text-align: left;\">Tutti i contenuti e le opere creati dal web designer e dai gestori del sito sono protetti da copyright. La riproduzione, l\u2019alterazione, la distribuzione e qualsiasi forma di utilizzo, soprattutto per scopi commerciali, al di fuori dei limiti del diritto d\u2019autore, sono severamente vietate e ammesse esclusivamente previa autorizzazione scritta del relativo autore o creatore. Nel caso i contenuti di questa pagina non siano stati creati dal gestore, sono da rispettare i diritti di copyright di terzi. I contenuti redatti da terzi sono contrassegnati come tali. In caso doveste notare una violazione del copyright, vi preghiamo gentilmente di farci pervenire un\u2019apposita segnalazione. All\u2019atto di presa di conoscenza di tali violazioni di legge, i contenuti in questione saranno naturalmente rimossi subito, senza per\u00f2 assumerne nessuna responsabilit\u00e0.<\/p>\n<p style=\"text-align: left;\">\n<\/p><p style=\"text-align: left;\">\n<\/p>\t\t\t\t\t<\/div>\n\t\t\t\t\t\t<\/div>\n\t\t\t\t<\/div>\n\t\t\t\t\t\t<\/div>\n\t\t\t\t\t<\/div>\n\t\t<\/div>\n\t\t\t\t\t\t\t\t<\/div>\n\t\t\t\t\t<\/div>\n\t\t<\/section>\n\t\t\t\t\t\t\t\t\t<\/div>\n\t\t\t<\/div>\n\t\t\t\t\t<\/div>\n\t\t","protected":false},"excerpt":{"rendered":"<p>Impressum Schwarz Srl Andreas SchwarzVia Bolzano 5139057 Frangarto (BZ)Alto Adige Tel. +39 0471 633133info@schwarz.itPEC Mail info@pec.schwarz.itwww.schwarz.itP.IVA IT02299140216Cod.fisc.&nbsp;02299140216 Camera di commercio di BolzanoNumero iscrizione camera di commercio: 02299140216Numero REA:&nbsp;Legale rappresentante: Andreas SchwarzCapitale sociale:&nbsp; 20.000\u20ac Copyright per le immagine e grafiche utilizzate &nbsp;\u00a9 Schwarz GmbH Risoluzione delle controversie Informazioni obbligatorie ai sensi del Regolamento UE n. 524\/2013 [&hellip;]<\/p>\n","protected":false},"author":1,"featured_media":0,"parent":0,"menu_order":0,"comment_status":"closed","ping_status":"closed","template":"","meta":{"inline_featured_image":false},"acf":[],"yoast_head":"<!-- This site is optimized with the Yoast SEO plugin v19.8 - https:\/\/yoast.com\/wordpress\/plugins\/seo\/ -->\n<title>Colophon<\/title>\n<meta name=\"description\" content=\"Colophon\" \/>\n<meta name=\"robots\" content=\"noindex, nofollow\" \/>\n<meta name=\"twitter:label1\" content=\"Tempo di lettura stimato\" \/>\n\t<meta name=\"twitter:data1\" content=\"3 minuti\" \/>\n<script type=\"application\/ld+json\" class=\"yoast-schema-graph\">{\"@context\":\"https:\/\/schema.org\",\"@graph\":[{\"@type\":\"WebPage\",\"@id\":\"https:\/\/www.schwarz.it\/it\/colophon\/\",\"url\":\"https:\/\/www.schwarz.it\/it\/colophon\/\",\"name\":\"Colophon\",\"isPartOf\":{\"@id\":\"https:\/\/www.schwarz.it\/#website\"},\"datePublished\":\"2022-07-18T12:43:59+00:00\",\"dateModified\":\"2022-12-01T15:29:09+00:00\",\"description\":\"Colophon\",\"breadcrumb\":{\"@id\":\"https:\/\/www.schwarz.it\/it\/colophon\/#breadcrumb\"},\"inLanguage\":\"it-IT\",\"potentialAction\":[{\"@type\":\"ReadAction\",\"target\":[\"https:\/\/www.schwarz.it\/it\/colophon\/\"]}]},{\"@type\":\"BreadcrumbList\",\"@id\":\"https:\/\/www.schwarz.it\/it\/colophon\/#breadcrumb\",\"itemListElement\":[{\"@type\":\"ListItem\",\"position\":1,\"name\":\"Startseite\",\"item\":\"https:\/\/www.schwarz.it\/it\/\"},{\"@type\":\"ListItem\",\"position\":2,\"name\":\"Colophon\"}]},{\"@type\":\"WebSite\",\"@id\":\"https:\/\/www.schwarz.it\/#website\",\"url\":\"https:\/\/www.schwarz.it\/\",\"name\":\"Schwarz GmbH\",\"description\":\"Anh\u00e4nger und Forstmaschinen\",\"publisher\":{\"@id\":\"https:\/\/www.schwarz.it\/#organization\"},\"potentialAction\":[{\"@type\":\"SearchAction\",\"target\":{\"@type\":\"EntryPoint\",\"urlTemplate\":\"https:\/\/www.schwarz.it\/?s={search_term_string}\"},\"query-input\":\"required name=search_term_string\"}],\"inLanguage\":\"it-IT\"},{\"@type\":\"Organization\",\"@id\":\"https:\/\/www.schwarz.it\/#organization\",\"name\":\"Schwarz GmbH\",\"url\":\"https:\/\/www.schwarz.it\/\",\"sameAs\":[\"https:\/\/www.instagram.com\/schwarz_trailers\/\",\"https:\/\/www.facebook.com\/schwarzanhaenger\"],\"logo\":{\"@type\":\"ImageObject\",\"inLanguage\":\"it-IT\",\"@id\":\"https:\/\/www.schwarz.it\/#\/schema\/logo\/image\/\",\"url\":\"https:\/\/www.schwarz.it\/wp-content\/uploads\/2022\/02\/Schwarz-Gmbh.svg\",\"contentUrl\":\"https:\/\/www.schwarz.it\/wp-content\/uploads\/2022\/02\/Schwarz-Gmbh.svg\",\"width\":329,\"height\":46,\"caption\":\"Schwarz GmbH\"},\"image\":{\"@id\":\"https:\/\/www.schwarz.it\/#\/schema\/logo\/image\/\"}}]}<\/script>\n<!-- \/ Yoast SEO plugin. -->","yoast_head_json":{"title":"Colophon","description":"Colophon","robots":{"index":"noindex","follow":"nofollow"},"twitter_misc":{"Tempo di lettura stimato":"3 minuti"},"schema":{"@context":"https:\/\/schema.org","@graph":[{"@type":"WebPage","@id":"https:\/\/www.schwarz.it\/it\/colophon\/","url":"https:\/\/www.schwarz.it\/it\/colophon\/","name":"Colophon","isPartOf":{"@id":"https:\/\/www.schwarz.it\/#website"},"datePublished":"2022-07-18T12:43:59+00:00","dateModified":"2022-12-01T15:29:09+00:00","description":"Colophon","breadcrumb":{"@id":"https:\/\/www.schwarz.it\/it\/colophon\/#breadcrumb"},"inLanguage":"it-IT","potentialAction":[{"@type":"ReadAction","target":["https:\/\/www.schwarz.it\/it\/colophon\/"]}]},{"@type":"BreadcrumbList","@id":"https:\/\/www.schwarz.it\/it\/colophon\/#breadcrumb","itemListElement":[{"@type":"ListItem","position":1,"name":"Startseite","item":"https:\/\/www.schwarz.it\/it\/"},{"@type":"ListItem","position":2,"name":"Colophon"}]},{"@type":"WebSite","@id":"https:\/\/www.schwarz.it\/#website","url":"https:\/\/www.schwarz.it\/","name":"Schwarz GmbH","description":"Anh\u00e4nger und Forstmaschinen","publisher":{"@id":"https:\/\/www.schwarz.it\/#organization"},"potentialAction":[{"@type":"SearchAction","target":{"@type":"EntryPoint","urlTemplate":"https:\/\/www.schwarz.it\/?s={search_term_string}"},"query-input":"required name=search_term_string"}],"inLanguage":"it-IT"},{"@type":"Organization","@id":"https:\/\/www.schwarz.it\/#organization","name":"Schwarz GmbH","url":"https:\/\/www.schwarz.it\/","sameAs":["https:\/\/www.instagram.com\/schwarz_trailers\/","https:\/\/www.facebook.com\/schwarzanhaenger"],"logo":{"@type":"ImageObject","inLanguage":"it-IT","@id":"https:\/\/www.schwarz.it\/#\/schema\/logo\/image\/","url":"https:\/\/www.schwarz.it\/wp-content\/uploads\/2022\/02\/Schwarz-Gmbh.svg","contentUrl":"https:\/\/www.schwarz.it\/wp-content\/uploads\/2022\/02\/Schwarz-Gmbh.svg","width":329,"height":46,"caption":"Schwarz GmbH"},"image":{"@id":"https:\/\/www.schwarz.it\/#\/schema\/logo\/image\/"}}]}},"_links":{"self":[{"href":"https:\/\/www.schwarz.it\/it\/wp-json\/wp\/v2\/pages\/11719"}],"collection":[{"href":"https:\/\/www.schwarz.it\/it\/wp-json\/wp\/v2\/pages"}],"about":[{"href":"https:\/\/www.schwarz.it\/it\/wp-json\/wp\/v2\/types\/page"}],"author":[{"embeddable":true,"href":"https:\/\/www.schwarz.it\/it\/wp-json\/wp\/v2\/users\/1"}],"replies":[{"embeddable":true,"href":"https:\/\/www.schwarz.it\/it\/wp-json\/wp\/v2\/comments?post=11719"}],"version-history":[{"count":3,"href":"https:\/\/www.schwarz.it\/it\/wp-json\/wp\/v2\/pages\/11719\/revisions"}],"predecessor-version":[{"id":14701,"href":"https:\/\/www.schwarz.it\/it\/wp-json\/wp\/v2\/pages\/11719\/revisions\/14701"}],"wp:attachment":[{"href":"https:\/\/www.schwarz.it\/it\/wp-json\/wp\/v2\/media?parent=11719"}],"curies":[{"name":"wp","href":"https:\/\/api.w.org\/{rel}","templated":true}]}}